{"id":2658,"date":"2022-09-13T16:46:22","date_gmt":"2022-09-13T19:46:22","guid":{"rendered":"http:\/\/d42.com.br\/?page_id=2658"},"modified":"2023-11-17T22:40:06","modified_gmt":"2023-11-18T01:40:06","slug":"quem-somos","status":"publish","type":"page","link":"\/pt\/quem-somos\/","title":{"rendered":"Quem Somos"},"content":{"rendered":"<div data-elementor-type=\"wp-page\" data-elementor-id=\"2658\" class=\"elementor elementor-2658\" data-elementor-post-type=\"page\">\n\t\t\t\t\t\t\t\t\t<section class=\"elementor-section elementor-top-section elementor-element elementor-element-92a83c2 elementor-section-full_width elementor-section-height-default elementor-section-height-default\" data-id=\"92a83c2\" data-element_type=\"section\">\n\t\t\t\t\t\t<div class=\"elementor-container elementor-column-gap-no\">\n\t\t\t\t\t<div class=\"elementor-column elementor-col-100 elementor-top-column elementor-element elementor-element-7db623d\" data-id=\"7db623d\" data-element_type=\"column\">\n\t\t\t<div class=\"elementor-widget-wrap elementor-element-populated\">\n\t\t\t\t\t\t\t\t<div class=\"elementor-element elementor-element-fab7a09 elementor-widget elementor-widget-spacer\" data-id=\"fab7a09\" data-element_type=\"widget\" data-widget_type=\"spacer.default\">\n\t\t\t\t<div class=\"elementor-widget-container\">\n\t\t\t<style>\/*! elementor - v3.17.0 - 08-11-2023 *\/\n.elementor-column .elementor-spacer-inner{height:var(--spacer-size)}.e-con{--container-widget-width:100%}.e-con-inner>.elementor-widget-spacer,.e-con>.elementor-widget-spacer{width:var(--container-widget-width,var(--spacer-size));--align-self:var(--container-widget-align-self,initial);--flex-shrink:0}.e-con-inner>.elementor-widget-spacer>.elementor-widget-container,.e-con>.elementor-widget-spacer>.elementor-widget-container{height:100%;width:100%}.e-con-inner>.elementor-widget-spacer>.elementor-widget-container>.elementor-spacer,.e-con>.elementor-widget-spacer>.elementor-widget-container>.elementor-spacer{height:100%}.e-con-inner>.elementor-widget-spacer>.elementor-widget-container>.elementor-spacer>.elementor-spacer-inner,.e-con>.elementor-widget-spacer>.elementor-widget-container>.elementor-spacer>.elementor-spacer-inner{height:var(--container-widget-height,var(--spacer-size))}.e-con-inner>.elementor-widget-spacer.elementor-widget-empty,.e-con>.elementor-widget-spacer.elementor-widget-empty{position:relative;min-height:22px;min-width:22px}.e-con-inner>.elementor-widget-spacer.elementor-widget-empty .elementor-widget-empty-icon,.e-con>.elementor-widget-spacer.elementor-widget-empty .elementor-widget-empty-icon{position:absolute;top:0;bottom:0;left:0;right:0;margin:auto;padding:0;width:22px;height:22px}<\/style>\t\t<div class=\"elementor-spacer\">\n\t\t\t<div class=\"elementor-spacer-inner\"><\/div>\n\t\t<\/div>\n\t\t\t\t<\/div>\n\t\t\t\t<\/div>\n\t\t\t\t\t<\/div>\n\t\t<\/div>\n\t\t\t\t\t\t\t<\/div>\n\t\t<\/section>\n\t\t\t\t<section class=\"elementor-section elementor-top-section elementor-element elementor-element-5acd889 elementor-section-full_width elementor-section-height-default elementor-section-height-default\" data-id=\"5acd889\" data-element_type=\"section\">\n\t\t\t\t\t\t<div class=\"elementor-container elementor-column-gap-default\">\n\t\t\t\t\t<div class=\"elementor-column elementor-col-50 elementor-top-column elementor-element elementor-element-6d100fb\" data-id=\"6d100fb\" data-element_type=\"column\">\n\t\t\t<div class=\"elementor-widget-wrap elementor-element-populated\">\n\t\t\t\t\t\t\t\t<div class=\"elementor-element elementor-element-d9674b0 elementor-widget elementor-widget-image\" data-id=\"d9674b0\" data-element_type=\"widget\" data-widget_type=\"image.default\">\n\t\t\t\t<div class=\"elementor-widget-container\">\n\t\t\t<style>\/*! elementor - v3.17.0 - 08-11-2023 *\/\n.elementor-widget-image{text-align:center}.elementor-widget-image a{display:inline-block}.elementor-widget-image a img[src$=\".svg\"]{width:48px}.elementor-widget-image img{vertical-align:middle;display:inline-block}<\/style>\t\t\t\t\t\t\t\t\t\t\t\t<img decoding=\"async\" width=\"900\" height=\"894\" src=\"https:\/\/d42.com.br\/wp-content\/uploads\/2022\/09\/d42-quemsomos.png\" class=\"attachment-large size-large wp-image-2664\" alt=\"\" srcset=\"https:\/\/d42.com.br\/wp-content\/uploads\/2022\/09\/d42-quemsomos.png 1001w, https:\/\/d42.com.br\/wp-content\/uploads\/2022\/09\/d42-quemsomos-12x12.png 12w, https:\/\/d42.com.br\/wp-content\/uploads\/2022\/09\/d42-quemsomos-150x150.png 150w, https:\/\/d42.com.br\/wp-content\/uploads\/2022\/09\/d42-quemsomos-300x298.png 300w, https:\/\/d42.com.br\/wp-content\/uploads\/2022\/09\/d42-quemsomos-768x763.png 768w, https:\/\/d42.com.br\/wp-content\/uploads\/2022\/09\/d42-quemsomos-900x894.png 900w\" sizes=\"(max-width: 900px) 100vw, 900px\" \/>\t\t\t\t\t\t\t\t\t\t\t\t\t\t\t<\/div>\n\t\t\t\t<\/div>\n\t\t\t\t\t<\/div>\n\t\t<\/div>\n\t\t\t\t<div class=\"elementor-column elementor-col-50 elementor-top-column elementor-element elementor-element-b3e56d0\" data-id=\"b3e56d0\" data-element_type=\"column\">\n\t\t\t<div class=\"elementor-widget-wrap elementor-element-populated\">\n\t\t\t\t\t\t\t\t<div class=\"elementor-element elementor-element-8552ef1 elementor-widget elementor-widget-heading\" data-id=\"8552ef1\" data-element_type=\"widget\" data-widget_type=\"heading.default\">\n\t\t\t\t<div class=\"elementor-widget-container\">\n\t\t\t<style>\/*! elementor - v3.17.0 - 08-11-2023 *\/\n.elementor-heading-title{padding:0;margin:0;line-height:1}.elementor-widget-heading .elementor-heading-title[class*=elementor-size-]>a{color:inherit;font-size:inherit;line-height:inherit}.elementor-widget-heading .elementor-heading-title.elementor-size-small{font-size:15px}.elementor-widget-heading .elementor-heading-title.elementor-size-medium{font-size:19px}.elementor-widget-heading .elementor-heading-title.elementor-size-large{font-size:29px}.elementor-widget-heading .elementor-heading-title.elementor-size-xl{font-size:39px}.elementor-widget-heading .elementor-heading-title.elementor-size-xxl{font-size:59px}<\/style><h3 class=\"elementor-heading-title elementor-size-default\">Diletante + 42 Mobili\u00e1rio<\/h3>\t\t<\/div>\n\t\t\t\t<\/div>\n\t\t\t\t<div class=\"elementor-element elementor-element-87e3ce5 elementor-widget elementor-widget-text-editor\" data-id=\"87e3ce5\" data-element_type=\"widget\" data-no-translation=\"\" data-widget_type=\"text-editor.default\">\n\t\t\t\t<div class=\"elementor-widget-container\">\n\t\t\t<style>\/*! elementor - v3.17.0 - 08-11-2023 *\/\n.elementor-widget-text-editor.elementor-drop-cap-view-stacked .elementor-drop-cap{background-color:#69727d;color:#fff}.elementor-widget-text-editor.elementor-drop-cap-view-framed .elementor-drop-cap{color:#69727d;border:3px solid;background-color:transparent}.elementor-widget-text-editor:not(.elementor-drop-cap-view-default) .elementor-drop-cap{margin-top:8px}.elementor-widget-text-editor:not(.elementor-drop-cap-view-default) .elementor-drop-cap-letter{width:1em;height:1em}.elementor-widget-text-editor .elementor-drop-cap{float:left;text-align:center;line-height:1;font-size:50px}.elementor-widget-text-editor .elementor-drop-cap-letter{display:inline-block}<\/style>\t\t\t\t<p>O in\u00edcio do nosso trabalho remonta ao ano de 2004 e a mais tradicional rua das antiguidades no centro da cidade do Rio de Janeiro. Em um sobrado na rua do Lavradio a constante trajet\u00f3ria de movimento, aprendizado e compromisso com a mem\u00f3ria da identidade brasileira atrav\u00e9s de seus m\u00f3veis e objetos foi iniciada. A inclina\u00e7\u00e3o e dedica\u00e7\u00e3o ao per\u00edodo \u201cmodernista\u201d aconteceu de forma natural pelo gosto pessoal do respons\u00e1vel pela Diletante Flavio Santoro.<\/p><p>Desde 2014 estamos com nosso galp\u00e3o e est\u00fadio fotogr\u00e1fico localizados no secular bairro de S\u00e3o Crist\u00f3v\u00e3o, Rio de Janeiro. No ano de 2021 iniciamos nosso trabalho na capital de S\u00e3o Paulo. No bairro da Barra Funda em um antigo e amplo galp\u00e3o com mais de 300 metros quadrados est\u00e1 grande parte do acervo composto de pe\u00e7as originais de \u00edcones do design moderno brasileiro como Lina Bo Bardi, Jos\u00e9 Zanine Caldas, Joaquim Tenreiro, Jorge Zalszupin, Martin Eisler e outros.<\/p><p>Al\u00e9m do Brasil nossos clientes est\u00e3o espalhados por toda Europa, EUA, Oriente M\u00e9dio e \u00c1sia. Contamos com os melhores servi\u00e7os de envio de pe\u00e7as para todos esses lugares e desde 2016 participamos como comitentes de importantes leil\u00f5es em Paris e Nova York.<\/p>\t\t\t\t\t\t<\/div>\n\t\t\t\t<\/div>\n\t\t\t\t<div class=\"elementor-element elementor-element-6d08f2e elementor-widget elementor-widget-text-editor\" data-id=\"6d08f2e\" data-element_type=\"widget\" data-no-translation=\"\" data-widget_type=\"text-editor.default\">\n\t\t\t\t<div class=\"elementor-widget-container\">\n\t\t\t<style>.elementor-element-6d08f2e{display:none !important}<\/style>\t\t<\/div>\n\t\t\t\t<\/div>\n\t\t\t\t\t<\/div>\n\t\t<\/div>\n\t\t\t\t\t\t\t<\/div>\n\t\t<\/section>\n\t\t\t\t\t\t\t<\/div>","protected":false},"excerpt":{"rendered":"<p>Diletante + 42 Mobili\u00e1rio O in\u00edcio do nosso trabalho remonta ao ano de 2004 e a mais tradicional rua das antiguidades no centro da cidade do Rio de Janeiro. Em um sobrado na rua do Lavradio a constante trajet\u00f3ria de movimento, aprendizado e compromisso&#8230; <\/p>\n<div class=\"readmore\"><a href=\"\/pt\/quem-somos\/\" class=\"btn-link\">Read more<\/a><\/div>","protected":false},"author":1,"featured_media":0,"parent":0,"menu_order":0,"comment_status":"closed","ping_status":"closed","template":"elementor_header_footer","meta":{"footnotes":""},"acf":[],"aioseo_notices":[],"_links":{"self":[{"href":"\/pt\/wp-json\/wp\/v2\/pages\/2658"}],"collection":[{"href":"\/pt\/wp-json\/wp\/v2\/pages"}],"about":[{"href":"\/pt\/wp-json\/wp\/v2\/types\/page"}],"author":[{"embeddable":true,"href":"\/pt\/wp-json\/wp\/v2\/users\/1"}],"replies":[{"embeddable":true,"href":"\/pt\/wp-json\/wp\/v2\/comments?post=2658"}],"version-history":[{"count":31,"href":"\/pt\/wp-json\/wp\/v2\/pages\/2658\/revisions"}],"predecessor-version":[{"id":7610,"href":"\/pt\/wp-json\/wp\/v2\/pages\/2658\/revisions\/7610"}],"wp:attachment":[{"href":"\/pt\/wp-json\/wp\/v2\/media?parent=2658"}],"curies":[{"name":"wp","href":"https:\/\/api.w.org\/{rel}","templated":true}]}}